{"id":140,"date":"2019-01-02T19:30:26","date_gmt":"2019-01-02T18:30:26","guid":{"rendered":"http:\/\/ops.dwikozy.gmina.pl\/?page_id=140"},"modified":"2023-08-09T19:40:12","modified_gmt":"2023-08-09T17:40:12","slug":"o-osrodku","status":"publish","type":"page","link":"https:\/\/ops.dwikozy.gmina.pl\/index.php\/o-osrodku\/","title":{"rendered":"O O\u015aRODKU"},"content":{"rendered":"<div class=\"informacje_tresc\">\n<div class=\"tresc\">\n<p>Witamy na stronie O\u015brodka Pomocy Spo\u0142ecznej w Dwikozach i zach\u0119camy do zapoznania si\u0119 z nasz\u0105 ofert\u0105 pomocow\u0105.<\/p>\n<p>Naszym za\u0142o\u017ceniem jest udzielanie profesjonalnych porad, wsparcia i&nbsp;pomocy.<\/p>\n<p>Na naszej stronie znajd\u0105 Pa\u0144stwo informacje o podejmowanych przez Nas dzia\u0142aniach, aktualnych wydarzeniach z obszaru polityki spo\u0142ecznej, formach pomocy i warunkach ich przyznawania. Ponadto Nasza strona u\u0142atwi Pa\u0144stwu dotarcie do innych s\u0142u\u017cb, organizacji i instytucji dzia\u0142aj\u0105cych na rzecz mieszka\u0144c\u00f3w Gminy Dwikozy.<\/p>\n<p>Pomoc O\u015brodka Pomocy Spo\u0142ecznej w Dwikozach skierowana jest do os\u00f3b, kt\u00f3re znalaz\u0142y si\u0119 w trudnej sytuacji \u017cyciowej i nie s\u0105 w stanie jej przezwyci\u0119\u017cy\u0107 wykorzystuj\u0105c w\u0142asne \u015brodki, mo\u017cliwo\u015bci i uprawnienia.<\/p>\n<p>Udzielane wsparcie nie ogranicza si\u0119 jedynie do \u015bwiadcze\u0144 pieni\u0119\u017cnych. Oferta O\u015brodka zapewnia potrzebuj\u0105cym mieszka\u0144com Gminy kompleksowe wsparcie pracownika socjalnego i&nbsp;asystenta rodziny. Efektywno\u015b\u0107 udzielanej pomocy opiera si\u0119 na szerokiej wsp\u00f3\u0142pracy z&nbsp;organizacjami spo\u0142ecznymi, stowarzyszeniami, fundacjami, pracodawcami, plac\u00f3wkami o\u015bwiaty i&nbsp;zdrowia oraz Policj\u0105.<\/p>\n<p>Szeroki katalog \u015bwiadcze\u0144 ma na celu zapewnienie pomocy i wsparcia osobom i rodzinom prze\u017cywaj\u0105cym trudno\u015bci opieku\u0144czo-wychowawcze, osobom bezrobotnym i ubogim, osobom starszym, samotnym, niepe\u0142nosprawnym i d\u0142ugotrwale chorym.<\/p>\n<p>Wykorzystujemy nasze do\u015bwiadczenie i&nbsp;profesjonalizm kadry dla zagwarantowania wysokiego poziomu udzielanego przez nas wsparcia, pomocy i&nbsp;poradnictwa. W&nbsp;swojej dzia\u0142alno\u015bci wykorzystujemy skuteczne, zar\u00f3wno tradycyjne, jak i&nbsp;innowacyjne metody w&nbsp;rozwi\u0105zywaniu problem\u00f3w spo\u0142ecznych.<\/p>\n<p><strong>O\u015brodek Pomocy Spo\u0142ecznej <\/strong>jest wyodr\u0119bnion\u0105 jednostk\u0105 organizacyjn\u0105 Gminy Dwikozy, realizuj\u0105c\u0105 zadania pomocy spo\u0142ecznej na terenie Gminy.<\/p>\n<p><strong>Zakres dzia\u0142ania O\u015brodka<\/strong> okre\u015blony jest szczeg\u00f3\u0142owo w Statucie O\u015brodka Pomocy Spo\u0142ecznej stanowi\u0105cym za\u0142\u0105cznik do uchwa\u0142y nr <a href=\"https:\/\/www.prawomiejscowe.pl\/UrzadGminywDwikozach\/document\/544569\/Uchwa%C5%82a-VI_33_2019\">VI\/33\/2019<\/a> Rady Gminy w Dwikozach z dnia 20 marca 2019 r.<\/p>\n<p><strong>Prac\u0119 O\u015brodka reguluje<\/strong> ustawa o pomocy spo\u0142ecznej z dnia 12 marca 2004 r. (t.j. Dz. U. z 2018 r. poz. 1508 z p\u00f3\u017an. zm.) oraz akty wykonawcze do tej ustawy.<\/p>\n<\/div>\n<\/div>\n\n\n<div class=\"wp-block-file\"><a id=\"wp-block-file--media-b3d94c2a-a228-4150-b09a-cc2caceb97d7\" href=\"https:\/\/ops.dwikozy.gmina.pl\/wp-content\/uploads\/2023\/08\/strategia23-29.pdf\">Strategia Rozwi\u0105zywania Problem\u00f3w Spo\u0142ecznych dla Gminy Dwikozy na lata 2023-2029<\/a><a href=\"https:\/\/ops.dwikozy.gmina.pl\/wp-content\/uploads\/2023\/08\/strategia23-29.pdf\" class=\"wp-block-file__button wp-element-button\" download aria-describedby=\"wp-block-file--media-b3d94c2a-a228-4150-b09a-cc2caceb97d7\">Pobierz<\/a><\/div>\n\n\n\n<div class=\"wp-block-file\"><a id=\"wp-block-file--media-9ebe7e41-6e04-4663-888d-f6aa5ae16498\" href=\"http:\/\/ops.dwikozy.gmina.pl\/wp-content\/uploads\/2021\/09\/Strategia.pdf\">STRATEGIA ROZWI\u0104ZYWANIA PROBLEM\u00d3W SPO\u0141ECZNYCH DLA GMINY DWIKOZY NA LATA 2016-2022 <\/a><a href=\"http:\/\/ops.dwikozy.gmina.pl\/wp-content\/uploads\/2021\/09\/Strategia.pdf\" class=\"wp-block-file__button wp-element-button\" download aria-describedby=\"wp-block-file--media-9ebe7e41-6e04-4663-888d-f6aa5ae16498\">Pobierz<\/a><\/div>\n","protected":false},"excerpt":{"rendered":"<p>Witamy na stronie O\u015brodka Pomocy Spo\u0142ecznej w Dwikozach i zach\u0119camy do zapoznania si\u0119 z nasz\u0105 ofert\u0105 pomocow\u0105. Naszym za\u0142o\u017ceniem jest<\/p>\n","protected":false},"author":1,"featured_media":0,"parent":0,"menu_order":0,"comment_status":"closed","ping_status":"closed","template":"","meta":{"ngg_post_thumbnail":0,"footnotes":""},"class_list":["post-140","page","type-page","status-publish","hentry"],"_links":{"self":[{"href":"https:\/\/ops.dwikozy.gmina.pl\/index.php\/wp-json\/wp\/v2\/pages\/140","targetHints":{"allow":["GET"]}}],"collection":[{"href":"https:\/\/ops.dwikozy.gmina.pl\/index.php\/wp-json\/wp\/v2\/pages"}],"about":[{"href":"https:\/\/ops.dwikozy.gmina.pl\/index.php\/wp-json\/wp\/v2\/types\/page"}],"author":[{"embeddable":true,"href":"https:\/\/ops.dwikozy.gmina.pl\/index.php\/wp-json\/wp\/v2\/users\/1"}],"replies":[{"embeddable":true,"href":"https:\/\/ops.dwikozy.gmina.pl\/index.php\/wp-json\/wp\/v2\/comments?post=140"}],"version-history":[{"count":0,"href":"https:\/\/ops.dwikozy.gmina.pl\/index.php\/wp-json\/wp\/v2\/pages\/140\/revisions"}],"wp:attachment":[{"href":"https:\/\/ops.dwikozy.gmina.pl\/index.php\/wp-json\/wp\/v2\/media?parent=140"}],"curies":[{"name":"wp","href":"https:\/\/api.w.org\/{rel}","templated":true}]}}