{"id":163,"date":"2019-06-24T09:20:39","date_gmt":"2019-06-24T07:20:39","guid":{"rendered":"http:\/\/ops.dwikozy.gmina.pl\/?page_id=163"},"modified":"2022-01-17T11:17:01","modified_gmt":"2022-01-17T10:17:01","slug":"druki","status":"publish","type":"page","link":"https:\/\/ops.dwikozy.gmina.pl\/index.php\/druki\/","title":{"rendered":"DRUKI"},"content":{"rendered":"<section class=\"row title_row\">\n<div class=\"main-column\">\n<div class=\"large-7 medium-12 small-12\">\n<h2 style=\"text-align: center;\"><a href=\"https:\/\/www.gov.pl\/web\/rodzina\/wzory-wnioskow-o-swiadczenia-dla-rodzin-aktualizacja-na-dzien-29052018-r-do-stosowania-takze-na-okres-20182019\">Wzory wniosk\u00f3w o \u015bwiadczenia dla rodzin (aktualizacja na dzie\u0144 29.06.2021 r.) do stosowania na bie\u017c\u0105cy okres a tak\u017ce na okres 2021\/2022<\/a><\/h2>\n<\/div>\n<\/div>\n<\/section>\n\n\n<hr class=\"wp-block-separator has-text-color has-background has-black-background-color has-black-color is-style-wide\"\/>\n\n\n\n<h2 class=\"has-text-align-center has-large-font-size wp-block-heading\"><strong><a href=\"https:\/\/ops.dwikozy.gmina.pl\/wp-content\/uploads\/2022\/01\/druk-wniosku-z-rodo.pdf\">Wz\u00f3r wniosku o Dodatek os\u0142onowy<\/a><\/strong><\/h2>\n\n\n\n<hr class=\"wp-block-separator has-text-color has-background has-black-background-color has-black-color is-style-wide\"\/>\n\n\n\n<h2 class=\"has-text-align-center has-large-font-size wp-block-heading\"><strong>Program \u201eCzyste Powietrze\u201d 2.0 <br><a href=\"https:\/\/ops.dwikozy.gmina.pl\/wp-content\/uploads\/2022\/01\/druk-wniosku-zadanie-nowy-2021.2022.pdf\">Druk wniosku: \u201e\u017b\u0105danie wydania za\u015bwiadczenia o wysoko\u015bci przeci\u0119tnego miesi\u0119cznego dochodu przypadaj\u0105cego na jednego cz\u0142onka jej gospodarstwa domowego\u201d.<\/a><\/strong><\/h2>\n\n\n\n<p><\/p>\n","protected":false},"excerpt":{"rendered":"<p>Wzory wniosk\u00f3w o \u015bwiadczenia dla rodzin (aktualizacja na dzie\u0144 29.06.2021 r.) do stosowania na bie\u017c\u0105cy okres a tak\u017ce na okres<\/p>\n","protected":false},"author":1,"featured_media":179,"parent":0,"menu_order":0,"comment_status":"closed","ping_status":"closed","template":"","meta":{"ngg_post_thumbnail":0,"footnotes":""},"class_list":["post-163","page","type-page","status-publish","has-post-thumbnail","hentry"],"_links":{"self":[{"href":"https:\/\/ops.dwikozy.gmina.pl\/index.php\/wp-json\/wp\/v2\/pages\/163","targetHints":{"allow":["GET"]}}],"collection":[{"href":"https:\/\/ops.dwikozy.gmina.pl\/index.php\/wp-json\/wp\/v2\/pages"}],"about":[{"href":"https:\/\/ops.dwikozy.gmina.pl\/index.php\/wp-json\/wp\/v2\/types\/page"}],"author":[{"embeddable":true,"href":"https:\/\/ops.dwikozy.gmina.pl\/index.php\/wp-json\/wp\/v2\/users\/1"}],"replies":[{"embeddable":true,"href":"https:\/\/ops.dwikozy.gmina.pl\/index.php\/wp-json\/wp\/v2\/comments?post=163"}],"version-history":[{"count":0,"href":"https:\/\/ops.dwikozy.gmina.pl\/index.php\/wp-json\/wp\/v2\/pages\/163\/revisions"}],"wp:featuredmedia":[{"embeddable":true,"href":"https:\/\/ops.dwikozy.gmina.pl\/index.php\/wp-json\/wp\/v2\/media\/179"}],"wp:attachment":[{"href":"https:\/\/ops.dwikozy.gmina.pl\/index.php\/wp-json\/wp\/v2\/media?parent=163"}],"curies":[{"name":"wp","href":"https:\/\/api.w.org\/{rel}","templated":true}]}}