{"id":30,"date":"2019-06-21T10:26:56","date_gmt":"2019-06-21T08:26:56","guid":{"rendered":"http:\/\/ops.dwikozy.gmina.pl\/?page_id=30"},"modified":"2025-04-11T11:46:30","modified_gmt":"2025-04-11T09:46:30","slug":"kontakt","status":"publish","type":"page","link":"https:\/\/ops.dwikozy.gmina.pl\/index.php\/kontakt\/","title":{"rendered":"Kontakt"},"content":{"rendered":"<div class=\"large-2 column collapse padding-box-children\">\n<div id=\"block-65\" class=\"block js-tab\">\n<div class=\"description-block\">\n<p><strong>O\u015brodek Pomocy Spo\u0142ecznej w Dwikozach<\/strong><br>27-620 Dwikozy<br>ul. Sp\u00f3\u0142dzielcza 15<\/p>\n<p>tel.:&nbsp; (15) 83 11 816<br>fax.: (15) 83 11 816<br>e-mail: <a href=\"mailto:ops@dwikozy.gmina.pl\">ops@dwikozy.gmina.pl<\/a><br><span id=\"templatePanel\"><span id=\"limitUsageInfo\"><strong>Skrytka ePUAP:<\/strong> \/OPSDwikozy\/SkrytkaESP<br><strong>Adres do e-Dor\u0119cze\u0144 to: AE:PL-70022-68431-RACBF-16<\/strong><\/span><\/span><\/p>\n<\/div>\n<\/div>\n<\/div>\n\n\n<p><\/p>\n","protected":false},"excerpt":{"rendered":"<p>O\u015brodek Pomocy Spo\u0142ecznej w Dwikozach27-620 Dwikozyul. Sp\u00f3\u0142dzielcza 15 tel.:&nbsp; (15) 83 11 816fax.: (15) 83 11 816e-mail: ops@dwikozy.gmina.plSkrytka ePUAP: \/OPSDwikozy\/SkrytkaESPAdres<\/p>\n","protected":false},"author":1,"featured_media":0,"parent":0,"menu_order":0,"comment_status":"closed","ping_status":"closed","template":"page-templates\/contact.php","meta":{"ngg_post_thumbnail":0,"footnotes":""},"class_list":["post-30","page","type-page","status-publish","hentry"],"_links":{"self":[{"href":"https:\/\/ops.dwikozy.gmina.pl\/index.php\/wp-json\/wp\/v2\/pages\/30","targetHints":{"allow":["GET"]}}],"collection":[{"href":"https:\/\/ops.dwikozy.gmina.pl\/index.php\/wp-json\/wp\/v2\/pages"}],"about":[{"href":"https:\/\/ops.dwikozy.gmina.pl\/index.php\/wp-json\/wp\/v2\/types\/page"}],"author":[{"embeddable":true,"href":"https:\/\/ops.dwikozy.gmina.pl\/index.php\/wp-json\/wp\/v2\/users\/1"}],"replies":[{"embeddable":true,"href":"https:\/\/ops.dwikozy.gmina.pl\/index.php\/wp-json\/wp\/v2\/comments?post=30"}],"version-history":[{"count":1,"href":"https:\/\/ops.dwikozy.gmina.pl\/index.php\/wp-json\/wp\/v2\/pages\/30\/revisions"}],"predecessor-version":[{"id":1495,"href":"https:\/\/ops.dwikozy.gmina.pl\/index.php\/wp-json\/wp\/v2\/pages\/30\/revisions\/1495"}],"wp:attachment":[{"href":"https:\/\/ops.dwikozy.gmina.pl\/index.php\/wp-json\/wp\/v2\/media?parent=30"}],"curies":[{"name":"wp","href":"https:\/\/api.w.org\/{rel}","templated":true}]}}